{"id":1279,"date":"2026-02-21T19:41:22","date_gmt":"2026-02-21T19:41:22","guid":{"rendered":"https:\/\/crescendo-amby.nl\/?page_id=1279"},"modified":"2026-02-21T19:44:41","modified_gmt":"2026-02-21T19:44:41","slug":"archief-2023","status":"publish","type":"page","link":"https:\/\/crescendo-amby.nl\/?page_id=1279","title":{"rendered":"Archief 2023"},"content":{"rendered":"\n<h3 class=\"wp-block-heading\">Concert Grubbeveld<\/h3>\n\n\n\n<p><video controls=\"\" src=\"https:\/\/crescendo-amby.nl\/wp-content\/uploads\/2023\/12\/2023_Grubbeveld-1.mp4\" height=\"500\"><\/video><\/p>\n\n\n\n<p>Op zaterdag 9 december jl. was weer een mooie middag weggelegd voor onze Gemengde Zangvereniging Crescendo en haar toehoorders die in zorgcentrum \u2018Grubbeveld\u2019 wonen. Tijdens het \u2018Ritme van de Regen\u2019 ( het regende inderdaad weer hard) zag je hoofden meedeinen. De bewoners genoten en vooral toen ook nog door sommigen van hen stevig en fanatiek werd meegezongen. Een bewoner kon direct bij het koor aansluiten als aspirant-lid, zeker toen de&nbsp; Limburgse dialectliedjes en meezingers ten gehore werden gebracht. Muziek en tekst die voor altijd in hoofd en hart gemetseld zijn, zo blijkt maar weer. Na de populaire, voor velen bekende liedjes gaven onze Oekra\u00efense vrienden en medezangers Mila, Valentina en Illya een klein concertje met eigen liedjes van Mila dat goed in de smaak viel. Dankzij hun zingen kunnen ook zij even hun hart ophalen en de oorlog in hun land vergeten. Muziek verbindt ons onderling.<br>Na de pauze zong Crescendo populaire kerstliederen en proefde men de kerstsfeer duidelijk. Liedjes als Jingle Bells en Stille Nacht doen het nog altijd goed en voor even worden warme verwachtingen geschapen. Na dit leuke en sfeervolle concert konden we deze gezellige (samen)zang ook weer tot volle tevredenheid van iedereen afsluiten.<\/p>\n\n\n\n<h3 class=\"wp-block-heading\">Najaarsconcert 28 oktober 2023<\/h3>\n\n\n\n<figure class=\"wp-block-image is-resized\"><img decoding=\"async\" loading=\"lazy\" src=\"https:\/\/crescendo-amby.nl\/wp-content\/uploads\/2023\/11\/Cresendo-Korenavond-2023-5-4279_01.jpg\" alt=\"\" class=\"wp-image-840\" width=\"439\" height=\"246\" srcset=\"https:\/\/crescendo-amby.nl\/wp-content\/uploads\/2023\/11\/Cresendo-Korenavond-2023-5-4279_01.jpg 2000w, https:\/\/crescendo-amby.nl\/wp-content\/uploads\/2023\/11\/Cresendo-Korenavond-2023-5-4279_01-300x169.jpg 300w, https:\/\/crescendo-amby.nl\/wp-content\/uploads\/2023\/11\/Cresendo-Korenavond-2023-5-4279_01-1024x576.jpg 1024w, https:\/\/crescendo-amby.nl\/wp-content\/uploads\/2023\/11\/Cresendo-Korenavond-2023-5-4279_01-768x432.jpg 768w, https:\/\/crescendo-amby.nl\/wp-content\/uploads\/2023\/11\/Cresendo-Korenavond-2023-5-4279_01-1536x864.jpg 1536w\" sizes=\"(max-width: 439px) 100vw, 439px\" \/><\/figure>\n\n\n\n<p>Vanaf 19.00 uur loopt de zaal langzaam vol, gezellige drukte, de sfeer is al meteen gemoedelijk. De gasten worden verwelkomd in het Nederlands en in het Oekra\u00efns. Het concert wordt door Crescendo geopend met het zingen van het Oekra\u00efns volkslied. Onze Oekra\u00efense gasten gaan staan, de hele zaal volgt het voorbeeld, en zingen uit volle borst mee. Een heel mooi moment! Daarna volgen nog een aantal populaire bekende liedjes, zoals \u201cMorgen\u201d en \u201cWhat A Wonderful World\u201d. De teksten hebben te maken met hoop voor morgen en de droom om een betere wereld te scheppen, heel toepasselijk in deze onrustige tijden.<br>Het koor Cantanti Felici uit Sint Geertruid heeft twee pianisten in hun gelederen, Ton Vennix en Gisela Douwes, die tussendoor in quatre mains een aantal mooie pianostukken laten horen.<br>Het koor Brull staat onder leiding van Hanneke Scheffers. Het brengt een aantal bekende liedjes van oa John Lennon en Claudia de Breij en sluit af met Queen, alles zonder partituur, uit het hoofd, en dat komt de sfeer en kwaliteit ten goede!<br>Na de pauze staat Cantanti Felici uit Sint Geertruid op het podium, onder leiding van Ton Vennix. Het is een compact koor met geweldig stemmateriaal. Ze brengen een heel mooi klassiek repertoire; Ave Verum van Mozart en Cantique de Jean Racine van Faur\u00e9, om maar twee te noemen. Prachtig werk en schitterend uitgevoerd!<br>Als slot brengt ons koor samen met Cantanti Felici het Oekra\u00efnse lied \u201cGebed voor Oekra\u00efne\u201d waarin God wordt gevraagd het land te beschermen en haar inwoners wijsheid en geluk te geven.<br>Het was een fijn concert met na afloop nog een gezellig samenzijn. En ja, muziek maken doe je samen! Dank aan alle medewerkers en fijn dat de Oekra\u00efense gasten erbij waren en ze even hun zorgen opzij konden zetten.<\/p>\n\n\n\n<h3 class=\"wp-block-heading\">Zaterdag 28 oktober 2023: Najaarsconcert<\/h3>\n\n\n\n<p>Het gaat een leuke avond worden! Komt u ook?<\/p>\n\n\n\n<figure class=\"wp-block-image is-resized\"><img decoding=\"async\" loading=\"lazy\" src=\"https:\/\/crescendo-amby.nl\/wp-content\/uploads\/2023\/09\/PosterNajaar2023_V02.jpg\" alt=\"\" class=\"wp-image-821\" width=\"349\" height=\"493\" srcset=\"https:\/\/crescendo-amby.nl\/wp-content\/uploads\/2023\/09\/PosterNajaar2023_V02.jpg 1754w, https:\/\/crescendo-amby.nl\/wp-content\/uploads\/2023\/09\/PosterNajaar2023_V02-212x300.jpg 212w, https:\/\/crescendo-amby.nl\/wp-content\/uploads\/2023\/09\/PosterNajaar2023_V02-724x1024.jpg 724w, https:\/\/crescendo-amby.nl\/wp-content\/uploads\/2023\/09\/PosterNajaar2023_V02-768x1086.jpg 768w, https:\/\/crescendo-amby.nl\/wp-content\/uploads\/2023\/09\/PosterNajaar2023_V02-1086x1536.jpg 1086w, https:\/\/crescendo-amby.nl\/wp-content\/uploads\/2023\/09\/PosterNajaar2023_V02-1448x2048.jpg 1448w\" sizes=\"(max-width: 349px) 100vw, 349px\" \/><\/figure>\n\n\n\n<figure class=\"wp-block-image is-resized\"><img decoding=\"async\" loading=\"lazy\" src=\"https:\/\/crescendo-amby.nl\/wp-content\/uploads\/2023\/09\/PosterNajaar2023_V03Oekr.jpg\" alt=\"\" class=\"wp-image-822\" width=\"339\" height=\"478\" srcset=\"https:\/\/crescendo-amby.nl\/wp-content\/uploads\/2023\/09\/PosterNajaar2023_V03Oekr.jpg 1754w, https:\/\/crescendo-amby.nl\/wp-content\/uploads\/2023\/09\/PosterNajaar2023_V03Oekr-212x300.jpg 212w, https:\/\/crescendo-amby.nl\/wp-content\/uploads\/2023\/09\/PosterNajaar2023_V03Oekr-724x1024.jpg 724w, https:\/\/crescendo-amby.nl\/wp-content\/uploads\/2023\/09\/PosterNajaar2023_V03Oekr-768x1086.jpg 768w, https:\/\/crescendo-amby.nl\/wp-content\/uploads\/2023\/09\/PosterNajaar2023_V03Oekr-1086x1536.jpg 1086w, https:\/\/crescendo-amby.nl\/wp-content\/uploads\/2023\/09\/PosterNajaar2023_V03Oekr-1448x2048.jpg 1448w\" sizes=\"(max-width: 339px) 100vw, 339px\" \/><\/figure>\n\n\n\n<h3 class=\"wp-block-heading\">11 juli 2023 laatste repetitie voor de vakantie<\/h3>\n\n\n\n<figure class=\"wp-block-image is-resized\"><img decoding=\"async\" loading=\"lazy\" src=\"https:\/\/crescendo-amby.nl\/wp-content\/uploads\/2023\/07\/IMG-20230711-WA0001.jpg\" alt=\"\" class=\"wp-image-808\" width=\"288\" height=\"384\" srcset=\"https:\/\/crescendo-amby.nl\/wp-content\/uploads\/2023\/07\/IMG-20230711-WA0001.jpg 1536w, https:\/\/crescendo-amby.nl\/wp-content\/uploads\/2023\/07\/IMG-20230711-WA0001-225x300.jpg 225w, https:\/\/crescendo-amby.nl\/wp-content\/uploads\/2023\/07\/IMG-20230711-WA0001-768x1024.jpg 768w, https:\/\/crescendo-amby.nl\/wp-content\/uploads\/2023\/07\/IMG-20230711-WA0001-1152x1536.jpg 1152w\" sizes=\"(max-width: 288px) 100vw, 288px\" \/><\/figure>\n\n\n\n<p><img decoding=\"async\" src=\"https:\/\/crescendo-amby.nl\/wp-content\/uploads\/2023\/07\/IMG-20230711-WA0000.jpg\" alt=\"\" style=\"width: 270px;\"><br><img decoding=\"async\" src=\"https:\/\/crescendo-amby.nl\/wp-content\/uploads\/2023\/07\/IMG-20230711-WA0002.jpg\" alt=\"\" style=\"width: 270px;\"><br>Met een halve repetitie en een gezellig samenzijn met een hapje en een drankje de eerste helft van dit jaar afgesloten. Wij gaan even lekker uitrusten en verwachten iedereen weer fris terug op dinsdag 29 augustus. Voor iedereen een fijne vakantie toegewenst.<\/p>\n\n\n\n<h3 class=\"wp-block-heading\">Reactie nav workshop<br><img decoding=\"async\" src=\"https:\/\/crescendo-amby.nl\/wp-content\/uploads\/2023\/07\/SCN_0015-scaled.jpg\" alt=\"\" style=\"width: 270px;\"><\/h3>\n\n\n\n<p>Van Miryan Riswick-Heineans kregen we een berichtje n.a.v. de workshop op 1 juli. Ze zong in de jaren 70 in ons kinderkoor en stuurde een foto mee waarop ze samen met Jean van Kan een duet zingt.<br>Op de achtergrond is de dirigent juffrouw Henny nog net zichtbaar.<\/p>\n\n\n\n<h3 class=\"wp-block-heading\">Workshop met Carla Maffioletti, 1 juli 2023<\/h3>\n\n\n\n<p><img decoding=\"async\" src=\"https:\/\/crescendo-amby.nl\/wp-content\/uploads\/2023\/07\/IMG-20230701-WA0008.jpg\" alt=\"\" style=\"width: 270px;\"><br>Crescendo bestaat 70 jaar, en zoiets kan natuurlijk niet ongemerkt voorbij gaan. Iedereen die graag zingt, was op zaterdagmiddag 1 juli 2023 welkom in de Amyerhoof voor een bijzondere workshop. Carla Maffioletti, sopraan en gitariste, heeft op allerlei manieren in woord en daad laten zien en voelen hoe je ademondersteuning kunt gebruiken voor goed stemgebruik.<br>Ruim 50 aanwezigen, zowel leden als andere muziekliefhebbers, werden vanaf de eerste minuut meegenomen door een inspirerende en energieke vrouw, die een ontspannen sfeer wist te cre\u00ebren met grapjes en vrolijke verhalen, en toch duidelijk heeft kunnen maken hoe je bij het zingen je lichaam en vooral je ademhaling kunt gebruiken.<br>Na afloop zong Carla nog een mooi liedje, ondersteund door de klanken van haar gitaar.<br>Er waren na afloop veel positieve geluiden te horen, en bij Crescendo voelde het een beetje zoals vroeger na een verjaardagsfeestje: moe maar voldaan gingen we naar huis!<\/p>\n\n\n\n<h3 class=\"wp-block-heading\">Miniconcert 27 juni 2023<\/h3>\n\n\n\n<p>Dinsdag 27 juni werd een miniconcertje voor mensen van Woonvorm Amby gegeven. Het werd een gezellige harmonieuze ontmoeting.<br>Onze dirigent speelde op een leuke wijze in op wat wij ten gehore zouden brengen en het werd een vrolijke avond met mensen die ons koor nog meer voedden met hun spirit.<br>Samen zongen wij met overgave liedjes als \u201cGeneet vaan \u2018t Leve\u201d waarbij het sjunkelen hand in hand natuurlijk niet kon uitblijven. Sommige liedjes waren herkenbaar voor de mensen, daarom was het eens zo leuk om samen mee te zingen. Leuk om zo\u2019n avond te ervaren en absoluut voor herhaling vatbaar. Niet in de laatste plaats is een bedankje op zijn plaats voor de mensen van Woonvorm Amby die inspiratie en vrolijkheid op ons koor overbrachten.<\/p>\n\n\n\n<figure class=\"wp-block-image is-resized\"><img decoding=\"async\" loading=\"lazy\" src=\"https:\/\/crescendo-amby.nl\/wp-content\/uploads\/2023\/06\/IMG-20230627-WA0006.jpg\" alt=\"\" class=\"wp-image-782\" width=\"294\" height=\"391\" srcset=\"https:\/\/crescendo-amby.nl\/wp-content\/uploads\/2023\/06\/IMG-20230627-WA0006.jpg 1200w, https:\/\/crescendo-amby.nl\/wp-content\/uploads\/2023\/06\/IMG-20230627-WA0006-225x300.jpg 225w, https:\/\/crescendo-amby.nl\/wp-content\/uploads\/2023\/06\/IMG-20230627-WA0006-768x1024.jpg 768w, https:\/\/crescendo-amby.nl\/wp-content\/uploads\/2023\/06\/IMG-20230627-WA0006-1152x1536.jpg 1152w\" sizes=\"(max-width: 294px) 100vw, 294px\" \/><\/figure>\n\n\n\n<h3 class=\"wp-block-heading\">Les Mis\u00e9rables<\/h3>\n\n\n\n<p><img decoding=\"async\" src=\"https:\/\/crescendo-amby.nl\/wp-content\/uploads\/2023\/05\/lesMiseables-scaled.jpg\" alt=\"\" style=\"width: 400px;\"><br>Zondag 23 april was het dan eindelijk zover, we hadden er een jaar naar uitgekeken, we gingen met ons Crescendo naar les Miserables. Unaniem werd een jaar geleden besloten dat we i.p.v. een groots jubileumfeest in het kader van ons 70-jarig bestaan samen naar deze musical zouden gaan. In het verleden hebben we al eens iets gezongen uit deze musical dus het zou heel\u00a0 herkenbare muziek voor ons zijn. Er waren al vele mensen uit het dorp ons voorgegaan en die waren er allemaal even enthousiast over dus wij waren benieuwd. Nou en men had gelijk\u2026de ene sc\u00e8ne was nog mooier dan de andere. Het was drie uur lang genieten! Genieten van de mooie decors, de acteurs en vooral de geweldige stemmen. Je kon vaak een wauw of ohh horen wanneer een sc\u00e8ne was afgelopen en ook door het applaus kon je horen hoe men het ervaarde.<br>Helaas komt er aan al het moois altijd een eind. Wij sloten deze mooie middag af met een toost op ons jubileumjaar en zongen daarbij ook nog eens de toast voor onszelf. Leuke bijkomstigheid was dat we ook nog enkele leden van de cast hebben mogen ontmoeten. Kortom een middag die voor ons zeker een gouden randje heeft gekregen.<\/p>\n","protected":false},"excerpt":{"rendered":"<p>Concert Grubbeveld Op zaterdag 9 december jl. was weer een mooie middag weggelegd voor onze Gemengde Zangvereniging Crescendo en haar toehoorders die in zorgcentrum \u2018Grubbeveld\u2019 wonen. Tijdens het \u2018Ritme van de Regen\u2019 ( het regende inderdaad weer hard) zag je hoofden meedeinen. De bewoners genoten en vooral toen ook nog door sommigen van hen stevig &hellip; <a href=\"https:\/\/crescendo-amby.nl\/?page_id=1279\" class=\"more-link\">Lees verder <span class=\"screen-reader-text\">Archief 2023<\/span> <span class=\"meta-nav\">&rarr;<\/span><\/a><\/p>\n","protected":false},"author":1,"featured_media":0,"parent":0,"menu_order":0,"comment_status":"closed","ping_status":"closed","template":"","meta":[],"_links":{"self":[{"href":"https:\/\/crescendo-amby.nl\/index.php?rest_route=\/wp\/v2\/pages\/1279"}],"collection":[{"href":"https:\/\/crescendo-amby.nl\/index.php?rest_route=\/wp\/v2\/pages"}],"about":[{"href":"https:\/\/crescendo-amby.nl\/index.php?rest_route=\/wp\/v2\/types\/page"}],"author":[{"embeddable":true,"href":"https:\/\/crescendo-amby.nl\/index.php?rest_route=\/wp\/v2\/users\/1"}],"replies":[{"embeddable":true,"href":"https:\/\/crescendo-amby.nl\/index.php?rest_route=%2Fwp%2Fv2%2Fcomments&post=1279"}],"version-history":[{"count":5,"href":"https:\/\/crescendo-amby.nl\/index.php?rest_route=\/wp\/v2\/pages\/1279\/revisions"}],"predecessor-version":[{"id":1284,"href":"https:\/\/crescendo-amby.nl\/index.php?rest_route=\/wp\/v2\/pages\/1279\/revisions\/1284"}],"wp:attachment":[{"href":"https:\/\/crescendo-amby.nl\/index.php?rest_route=%2Fwp%2Fv2%2Fmedia&parent=1279"}],"curies":[{"name":"wp","href":"https:\/\/api.w.org\/{rel}","templated":true}]}}